{"id":10,"date":"2021-05-06T18:39:13","date_gmt":"2021-05-06T18:39:13","guid":{"rendered":"https:\/\/u-1966.de\/?page_id=10"},"modified":"2026-02-08T16:11:15","modified_gmt":"2026-02-08T16:11:15","slug":"u-1966","status":"publish","type":"page","link":"https:\/\/u-1966.de\/index.php\/u-1966\/","title":{"rendered":"Die Besatzung"},"content":{"rendered":"\n<p>Tief  betroffen mussten wir vom Ableben unseres Obermaates Stefan erfahren. Pl\u00f6tzlich und v\u00f6llig unerwartet verstarb er am 01.02.2026. Stefan, danke f\u00fcr unz\u00e4hlige wundervolle Stunden im Marinehaus und auf unseren Feindfahrten. Du wirst auf jeder folgenden U-Boot-Fahrt mit an Bord sein. Wenn auch nicht k\u00f6rperlich. Bitte pass auf uns ein bisschen auf da oben!<br><br><br><\/p>\n\n\n\n<p class=\"has-text-align-left\"><strong><em><span class=\"has-inline-color has-vivid-cyan-blue-color\">Kaleu<\/span><\/em><\/strong> Christian Heller<br><strong><em><span class=\"has-inline-color has-vivid-cyan-blue-color\">Leutnant zur See<\/span><\/em><\/strong> J\u00f6rg Sekulla<br><strong><em><span class=\"has-inline-color has-vivid-cyan-blue-color\">Obermaat<\/span><\/em><\/strong> Marian Kala<br><strong><em><span class=\"has-inline-color has-vivid-cyan-blue-color\">Obermaat<\/span><\/em><\/strong> Stefan Pfannschmidt<br><strong><span class=\"has-inline-color has-vivid-cyan-blue-color\"><em>Seekadett<\/em><\/span><\/strong> Frank Nussb\u00fccker<br><strong><em><span class=\"has-inline-color has-vivid-cyan-blue-color\">Maat<\/span><\/em><\/strong> Tilo Ziegra<br><strong><em><span class=\"has-inline-color has-vivid-cyan-blue-color\">Maat<\/span><\/em><\/strong> Christian Wieck<\/p>\n\n\n\n<figure class=\"wp-block-gallery alignwide has-nested-images columns-7 is-cropped wp-block-gallery-1 is-layout-flex wp-block-gallery-is-layout-flex\">\n<figure class=\"wp-block-image size-full\"><img loading=\"lazy\" decoding=\"async\" width=\"600\" height=\"900\" data-id=\"1014\" src=\"https:\/\/u-1966.de\/wp-content\/uploads\/2022\/02\/DSC06539.jpg\" alt=\"\" class=\"wp-image-1014\" srcset=\"https:\/\/u-1966.de\/wp-content\/uploads\/2022\/02\/DSC06539.jpg 600w, https:\/\/u-1966.de\/wp-content\/uploads\/2022\/02\/DSC06539-200x300.jpg 200w, https:\/\/u-1966.de\/wp-content\/uploads\/2022\/02\/DSC06539-180x270.jpg 180w\" sizes=\"auto, (max-width: 600px) 100vw, 600px\" \/><\/figure>\n\n\n\n<figure class=\"wp-block-image size-large\"><img loading=\"lazy\" decoding=\"async\" width=\"768\" height=\"1024\" data-id=\"156\" src=\"https:\/\/u-1966.de\/wp-content\/uploads\/2021\/05\/Joerg-Sekulla-1-768x1024.jpg\" alt=\"\" class=\"wp-image-156\"\/><\/figure>\n\n\n\n<figure class=\"wp-block-image size-full\"><img loading=\"lazy\" decoding=\"async\" width=\"600\" height=\"900\" data-id=\"1009\" src=\"https:\/\/u-1966.de\/wp-content\/uploads\/2022\/02\/DSC06538.jpg\" alt=\"\" class=\"wp-image-1009\" srcset=\"https:\/\/u-1966.de\/wp-content\/uploads\/2022\/02\/DSC06538.jpg 600w, https:\/\/u-1966.de\/wp-content\/uploads\/2022\/02\/DSC06538-200x300.jpg 200w, https:\/\/u-1966.de\/wp-content\/uploads\/2022\/02\/DSC06538-180x270.jpg 180w\" sizes=\"auto, (max-width: 600px) 100vw, 600px\" \/><\/figure>\n\n\n\n<figure class=\"wp-block-image size-full\"><img loading=\"lazy\" decoding=\"async\" width=\"600\" height=\"900\" data-id=\"1011\" src=\"https:\/\/u-1966.de\/wp-content\/uploads\/2022\/02\/DSC06537.jpg\" alt=\"\" class=\"wp-image-1011\" srcset=\"https:\/\/u-1966.de\/wp-content\/uploads\/2022\/02\/DSC06537.jpg 600w, https:\/\/u-1966.de\/wp-content\/uploads\/2022\/02\/DSC06537-200x300.jpg 200w, https:\/\/u-1966.de\/wp-content\/uploads\/2022\/02\/DSC06537-180x270.jpg 180w\" sizes=\"auto, (max-width: 600px) 100vw, 600px\" \/><\/figure>\n\n\n\n<figure class=\"wp-block-image size-full\"><img loading=\"lazy\" decoding=\"async\" width=\"600\" height=\"900\" data-id=\"1012\" src=\"https:\/\/u-1966.de\/wp-content\/uploads\/2022\/02\/DSC06573-2.jpg\" alt=\"\" class=\"wp-image-1012\" srcset=\"https:\/\/u-1966.de\/wp-content\/uploads\/2022\/02\/DSC06573-2.jpg 600w, https:\/\/u-1966.de\/wp-content\/uploads\/2022\/02\/DSC06573-2-200x300.jpg 200w, https:\/\/u-1966.de\/wp-content\/uploads\/2022\/02\/DSC06573-2-180x270.jpg 180w\" sizes=\"auto, (max-width: 600px) 100vw, 600px\" \/><\/figure>\n\n\n\n<figure class=\"wp-block-image size-full\"><img loading=\"lazy\" decoding=\"async\" width=\"600\" height=\"900\" data-id=\"1013\" src=\"https:\/\/u-1966.de\/wp-content\/uploads\/2022\/02\/DSC06540.jpg\" alt=\"\" class=\"wp-image-1013\" srcset=\"https:\/\/u-1966.de\/wp-content\/uploads\/2022\/02\/DSC06540.jpg 600w, https:\/\/u-1966.de\/wp-content\/uploads\/2022\/02\/DSC06540-200x300.jpg 200w, https:\/\/u-1966.de\/wp-content\/uploads\/2022\/02\/DSC06540-180x270.jpg 180w\" sizes=\"auto, (max-width: 600px) 100vw, 600px\" \/><\/figure>\n\n\n\n<figure class=\"wp-block-image size-large\"><img loading=\"lazy\" decoding=\"async\" width=\"769\" height=\"1024\" data-id=\"146\" src=\"https:\/\/u-1966.de\/wp-content\/uploads\/2021\/05\/Christian-Wieck-769x1024.jpg\" alt=\"\" class=\"wp-image-146\"\/><\/figure>\n<\/figure>\n","protected":false},"excerpt":{"rendered":"<p>Tief betroffen mussten wir vom Ableben unseres Obermaates Stefan erfahren. Pl\u00f6tzlich und v\u00f6llig unerwartet verstarb er am 01.02.2026. Stefan, danke f\u00fcr unz\u00e4hlige wundervolle Stunden im Marinehaus und auf unseren Feindfahrten. Du wirst auf jeder folgenden U-Boot-Fahrt mit an Bord sein. Wenn auch nicht k\u00f6rperlich. Bitte pass auf uns ein bisschen auf da oben! Kaleu Christian &hellip; <a href=\"https:\/\/u-1966.de\/index.php\/u-1966\/\" class=\"more-link\"><span class=\"screen-reader-text\">Die Besatzung<\/span> weiterlesen <span class=\"meta-nav\">&rarr;<\/span><\/a><\/p>\n","protected":false},"author":1,"featured_media":0,"parent":0,"menu_order":0,"comment_status":"closed","ping_status":"closed","template":"","meta":{"footnotes":""},"class_list":["post-10","page","type-page","status-publish","hentry"],"_links":{"self":[{"href":"https:\/\/u-1966.de\/index.php\/wp-json\/wp\/v2\/pages\/10","targetHints":{"allow":["GET"]}}],"collection":[{"href":"https:\/\/u-1966.de\/index.php\/wp-json\/wp\/v2\/pages"}],"about":[{"href":"https:\/\/u-1966.de\/index.php\/wp-json\/wp\/v2\/types\/page"}],"author":[{"embeddable":true,"href":"https:\/\/u-1966.de\/index.php\/wp-json\/wp\/v2\/users\/1"}],"replies":[{"embeddable":true,"href":"https:\/\/u-1966.de\/index.php\/wp-json\/wp\/v2\/comments?post=10"}],"version-history":[{"count":15,"href":"https:\/\/u-1966.de\/index.php\/wp-json\/wp\/v2\/pages\/10\/revisions"}],"predecessor-version":[{"id":5135,"href":"https:\/\/u-1966.de\/index.php\/wp-json\/wp\/v2\/pages\/10\/revisions\/5135"}],"wp:attachment":[{"href":"https:\/\/u-1966.de\/index.php\/wp-json\/wp\/v2\/media?parent=10"}],"curies":[{"name":"wp","href":"https:\/\/api.w.org\/{rel}","templated":true}]}}