{"id":171,"date":"2021-05-11T14:24:13","date_gmt":"2021-05-11T14:24:13","guid":{"rendered":"https:\/\/u-1966.de\/?page_id=171"},"modified":"2025-12-08T19:28:56","modified_gmt":"2025-12-08T19:28:56","slug":"test","status":"publish","type":"page","link":"https:\/\/u-1966.de\/","title":{"rendered":"Wie alles begann&#8230;"},"content":{"rendered":"\n<p><strong>&#8222;Es gibt DREI Arten von Menschen: <br>&#8211; Die Lebenden<br>&#8211; Die Toten und <br>&#8211; Die, die zur See fahren&#8220;<\/strong><\/p>\n\n\n\n<p class=\"has-medium-font-size\">Aristoteles (Oder war es Platon?)<\/p>\n\n\n\n<p>Als sich am 19.01.2019 drei Matrosen im Marinehaus trafen, stand sehr schnell fest, dass an diesem Abend Geschichte geschrieben werden w\u00fcrde. Denn das bis dato nur wenigen Eingeweihten bekannte U-1966 ben\u00f6tigte dringend eine Crew! Eine Crew, die sich bedingungslos in den Dienst eines rot-wei\u00dfen Fu\u00dfballclubs aus Berlin-K\u00f6penick stellt. Eine Crew, die vom Zusammenhalt lebt und Wochenende f\u00fcr Wochenende die Befehle des Flottenkommandos in der Alten F\u00f6rsterei eins zu eins umsetzt. Begleite uns nun auf den folgenden Seiten bei unseren Feindfahrten. Au\u00dferdem findest du alles Wissenswerte \u00fcber das U-1966. Von der Gr\u00fcndung bis hin zu aktuellen Neuigkeiten.<\/p>\n","protected":false},"excerpt":{"rendered":"<p>&#8222;Es gibt DREI Arten von Menschen: &#8211; Die Lebenden&#8211; Die Toten und &#8211; Die, die zur See fahren&#8220; Aristoteles (Oder war es Platon?) Als sich am 19.01.2019 drei Matrosen im Marinehaus trafen, stand sehr schnell fest, dass an diesem Abend Geschichte geschrieben werden w\u00fcrde. Denn das bis dato nur wenigen Eingeweihten bekannte U-1966 ben\u00f6tigte dringend &hellip; <a href=\"https:\/\/u-1966.de\/\" class=\"more-link\"><span class=\"screen-reader-text\">Wie alles begann&#8230;<\/span> weiterlesen <span class=\"meta-nav\">&rarr;<\/span><\/a><\/p>\n","protected":false},"author":1,"featured_media":0,"parent":0,"menu_order":0,"comment_status":"closed","ping_status":"closed","template":"","meta":{"footnotes":""},"class_list":["post-171","page","type-page","status-publish","hentry"],"_links":{"self":[{"href":"https:\/\/u-1966.de\/index.php\/wp-json\/wp\/v2\/pages\/171","targetHints":{"allow":["GET"]}}],"collection":[{"href":"https:\/\/u-1966.de\/index.php\/wp-json\/wp\/v2\/pages"}],"about":[{"href":"https:\/\/u-1966.de\/index.php\/wp-json\/wp\/v2\/types\/page"}],"author":[{"embeddable":true,"href":"https:\/\/u-1966.de\/index.php\/wp-json\/wp\/v2\/users\/1"}],"replies":[{"embeddable":true,"href":"https:\/\/u-1966.de\/index.php\/wp-json\/wp\/v2\/comments?post=171"}],"version-history":[{"count":11,"href":"https:\/\/u-1966.de\/index.php\/wp-json\/wp\/v2\/pages\/171\/revisions"}],"predecessor-version":[{"id":4182,"href":"https:\/\/u-1966.de\/index.php\/wp-json\/wp\/v2\/pages\/171\/revisions\/4182"}],"wp:attachment":[{"href":"https:\/\/u-1966.de\/index.php\/wp-json\/wp\/v2\/media?parent=171"}],"curies":[{"name":"wp","href":"https:\/\/api.w.org\/{rel}","templated":true}]}}