{"id":29,"date":"2021-05-04T18:46:33","date_gmt":"2021-05-04T18:46:33","guid":{"rendered":"https:\/\/u-1966.de\/?page_id=29"},"modified":"2025-04-16T22:25:03","modified_gmt":"2025-04-16T22:25:03","slug":"kontakt","status":"publish","type":"page","link":"https:\/\/u-1966.de\/index.php\/kontakt\/","title":{"rendered":"Kontakt"},"content":{"rendered":"\n<p><strong><em>Hauptquartier<\/em><\/strong> &#8222;MARINEHAUS&#8220;:<br>M\u00e4rkisches Ufer 48-50<br>Telefon: 030-2793246<br><br><strong><em>KaLeu Christian Heller<\/em><\/strong><br>Spreestra\u00dfe 18<br>15738 Zeuthen<br>E-Mail: c-heller@arcor.de<\/p>\n\n\n\n<p><strong><em>Marinest\u00fctzpunkt<\/em><\/strong> &#8222;Unterallg\u00e4u-Iller&#8220;<br>E-Mail: seku@schnurlot.de<\/p>\n\n\n\n<p><\/p>\n","protected":false},"excerpt":{"rendered":"<p>Hauptquartier &#8222;MARINEHAUS&#8220;:M\u00e4rkisches Ufer 48-50Telefon: 030-2793246 KaLeu Christian HellerSpreestra\u00dfe 1815738 ZeuthenE-Mail: c-heller@arcor.de Marinest\u00fctzpunkt &#8222;Unterallg\u00e4u-Iller&#8220;E-Mail: seku@schnurlot.de<\/p>\n","protected":false},"author":1,"featured_media":0,"parent":0,"menu_order":0,"comment_status":"closed","ping_status":"closed","template":"","meta":{"footnotes":""},"class_list":["post-29","page","type-page","status-publish","hentry"],"_links":{"self":[{"href":"https:\/\/u-1966.de\/index.php\/wp-json\/wp\/v2\/pages\/29","targetHints":{"allow":["GET"]}}],"collection":[{"href":"https:\/\/u-1966.de\/index.php\/wp-json\/wp\/v2\/pages"}],"about":[{"href":"https:\/\/u-1966.de\/index.php\/wp-json\/wp\/v2\/types\/page"}],"author":[{"embeddable":true,"href":"https:\/\/u-1966.de\/index.php\/wp-json\/wp\/v2\/users\/1"}],"replies":[{"embeddable":true,"href":"https:\/\/u-1966.de\/index.php\/wp-json\/wp\/v2\/comments?post=29"}],"version-history":[{"count":9,"href":"https:\/\/u-1966.de\/index.php\/wp-json\/wp\/v2\/pages\/29\/revisions"}],"predecessor-version":[{"id":4886,"href":"https:\/\/u-1966.de\/index.php\/wp-json\/wp\/v2\/pages\/29\/revisions\/4886"}],"wp:attachment":[{"href":"https:\/\/u-1966.de\/index.php\/wp-json\/wp\/v2\/media?parent=29"}],"curies":[{"name":"wp","href":"https:\/\/api.w.org\/{rel}","templated":true}]}}