{"id":5136,"date":"2026-02-08T16:12:51","date_gmt":"2026-02-08T16:12:51","guid":{"rendered":"https:\/\/u-1966.de\/?page_id=5136"},"modified":"2026-02-08T16:13:17","modified_gmt":"2026-02-08T16:13:17","slug":"news","status":"publish","type":"page","link":"https:\/\/u-1966.de\/index.php\/news\/","title":{"rendered":"NEWS"},"content":{"rendered":"\n<p>Tief betroffen mussten wir vom Ableben unseres Obermaates Stefan erfahren. Pl\u00f6tzlich und v\u00f6llig unerwartet verstarb er am 01.02.2026. Stefan, danke f\u00fcr unz\u00e4hlige wundervolle Stunden im Marinehaus und auf unseren Feindfahrten. Du wirst auf jeder folgenden U-Boot-Fahrt mit an Bord sein. Wenn auch nicht k\u00f6rperlich. Bitte pass auf uns ein bisschen auf da oben!<\/p>\n","protected":false},"excerpt":{"rendered":"<p>Tief betroffen mussten wir vom Ableben unseres Obermaates Stefan erfahren. Pl\u00f6tzlich und v\u00f6llig unerwartet verstarb er am 01.02.2026. Stefan, danke f\u00fcr unz\u00e4hlige wundervolle Stunden im Marinehaus und auf unseren Feindfahrten. Du wirst auf jeder folgenden U-Boot-Fahrt mit an Bord sein. Wenn auch nicht k\u00f6rperlich. Bitte pass auf uns ein bisschen auf da oben!<\/p>\n","protected":false},"author":1,"featured_media":0,"parent":0,"menu_order":0,"comment_status":"closed","ping_status":"closed","template":"","meta":{"footnotes":""},"class_list":["post-5136","page","type-page","status-publish","hentry"],"_links":{"self":[{"href":"https:\/\/u-1966.de\/index.php\/wp-json\/wp\/v2\/pages\/5136","targetHints":{"allow":["GET"]}}],"collection":[{"href":"https:\/\/u-1966.de\/index.php\/wp-json\/wp\/v2\/pages"}],"about":[{"href":"https:\/\/u-1966.de\/index.php\/wp-json\/wp\/v2\/types\/page"}],"author":[{"embeddable":true,"href":"https:\/\/u-1966.de\/index.php\/wp-json\/wp\/v2\/users\/1"}],"replies":[{"embeddable":true,"href":"https:\/\/u-1966.de\/index.php\/wp-json\/wp\/v2\/comments?post=5136"}],"version-history":[{"count":2,"href":"https:\/\/u-1966.de\/index.php\/wp-json\/wp\/v2\/pages\/5136\/revisions"}],"predecessor-version":[{"id":5141,"href":"https:\/\/u-1966.de\/index.php\/wp-json\/wp\/v2\/pages\/5136\/revisions\/5141"}],"wp:attachment":[{"href":"https:\/\/u-1966.de\/index.php\/wp-json\/wp\/v2\/media?parent=5136"}],"curies":[{"name":"wp","href":"https:\/\/api.w.org\/{rel}","templated":true}]}}